{"id":1841,"date":"2025-06-11T19:15:05","date_gmt":"2025-06-11T17:15:05","guid":{"rendered":"https:\/\/creative-district.be\/mentions-legales\/"},"modified":"2025-06-16T16:27:54","modified_gmt":"2025-06-16T14:27:54","slug":"mentions-legales","status":"publish","type":"page","link":"https:\/\/creative-district.be\/fr\/mentions-legales\/","title":{"rendered":"Mentions l\u00e9gales"},"content":{"rendered":"\n<p><strong>D\u00e9nomination de l&rsquo;organisation :<\/strong><br\/>CreaD ASBL (Creative District)<\/p>\n\n<p><strong>Adresse du si\u00e8ge social :<\/strong><br\/>40 rue des Anciens \u00c9tangs<br\/>1190 Bruxelles<br\/>Belgique<\/p>\n\n<p><strong>T\u00e9l\u00e9phone :<\/strong><br\/>+32 (0)78 07 78 68<\/p>\n\n<p><strong>Adresse \u00e9lectronique :<\/strong><br\/>info (at) creative-district.be<\/p>\n\n<p><strong>Site internet :<\/strong><br\/><a href=\"https:\/\/creative-district.be\/fr\/\">https:\/\/creative-district.be<\/a><\/p>\n\n<p><strong>Statut juridique :<\/strong><br\/>Association Sans But Lucratif (ASBL) enregistr\u00e9e en Belgique<\/p>\n\n<p><strong>Num\u00e9ro d&rsquo;entreprise (BCE) :<\/strong><br\/>BE0507.764.316<\/p>\n\n<p><strong>Responsabilit\u00e9 \u00e9ditoriale :<\/strong><br\/>Le contenu de ce site internet est publi\u00e9 sous la responsabilit\u00e9 de CreaD ASBL.<\/p>\n\n<p><strong>H\u00e9bergement du site internet :<\/strong><br\/>OVH SAS<br\/>2 rue Kellermann<br\/>59100 Roubaix<br\/>France<br\/><a href=\"https:\/\/www.ovhcloud.com\">https:\/\/www.ovhcloud.com<\/a><\/p>\n\n<p><strong>Propri\u00e9t\u00e9 intellectuelle :<\/strong><br\/>Tout le contenu de ce site internet (textes, images, logos, vid\u00e9os, etc.) est la propri\u00e9t\u00e9 exclusive de CreaD ASBL ou de ses partenaires, sauf mention contraire. Toute reproduction ou repr\u00e9sentation est interdite sans autorisation \u00e9crite pr\u00e9alable.<\/p>\n","protected":false},"excerpt":{"rendered":"<p>D\u00e9nomination de l&rsquo;organisation :CreaD ASBL (Creative District) Adresse du si\u00e8ge social :40 rue des Anciens \u00c9tangs1190 BruxellesBelgique T\u00e9l\u00e9phone :+32 (0)78&#8230;<\/p>\n","protected":false},"author":1,"featured_media":0,"parent":0,"menu_order":0,"comment_status":"closed","ping_status":"closed","template":"page-fullwidth.php","meta":{"iawp_total_views":11,"footnotes":""},"class_list":["post-1841","page","type-page","status-publish"],"_links":{"self":[{"href":"https:\/\/creative-district.be\/fr\/wp-json\/wp\/v2\/pages\/1841","targetHints":{"allow":["GET"]}}],"collection":[{"href":"https:\/\/creative-district.be\/fr\/wp-json\/wp\/v2\/pages"}],"about":[{"href":"https:\/\/creative-district.be\/fr\/wp-json\/wp\/v2\/types\/page"}],"author":[{"embeddable":true,"href":"https:\/\/creative-district.be\/fr\/wp-json\/wp\/v2\/users\/1"}],"replies":[{"embeddable":true,"href":"https:\/\/creative-district.be\/fr\/wp-json\/wp\/v2\/comments?post=1841"}],"version-history":[{"count":1,"href":"https:\/\/creative-district.be\/fr\/wp-json\/wp\/v2\/pages\/1841\/revisions"}],"predecessor-version":[{"id":1842,"href":"https:\/\/creative-district.be\/fr\/wp-json\/wp\/v2\/pages\/1841\/revisions\/1842"}],"wp:attachment":[{"href":"https:\/\/creative-district.be\/fr\/wp-json\/wp\/v2\/media?parent=1841"}],"curies":[{"name":"wp","href":"https:\/\/api.w.org\/{rel}","templated":true}]}}